{"id":3895,"date":"2026-03-01T08:55:00","date_gmt":"2026-03-01T08:55:00","guid":{"rendered":"https:\/\/showflamencobarcelona.com\/booking\/clase-flamenco\/"},"modified":"2026-04-15T10:18:29","modified_gmt":"2026-04-15T10:18:29","slug":"cours-flamenco","status":"publish","type":"product","link":"https:\/\/showflamencobarcelona.com\/fr\/booking\/cours-flamenco\/","title":{"rendered":"R\u00e9server un cours de flamenco"},"content":{"rendered":"[vc_row type=\u00a0\u00bbfull_width_background\u00a0\u00bb full_screen_row_position=\u00a0\u00bbmiddle\u00a0\u00bb column_margin=\u00a0\u00bbdefault\u00a0\u00bb column_direction=\u00a0\u00bbdefault\u00a0\u00bb column_direction_tablet=\u00a0\u00bbdefault\u00a0\u00bb column_direction_phone=\u00a0\u00bbdefault\u00a0\u00bb bg_color=\u00a0\u00bb#f7f7f7&Prime; scene_position=\u00a0\u00bbcenter\u00a0\u00bb top_padding=\u00a0\u00bb100&Prime; bottom_padding=\u00a0\u00bb100&Prime; text_color=\u00a0\u00bbdark\u00a0\u00bb text_align=\u00a0\u00bbleft\u00a0\u00bb row_border_radius=\u00a0\u00bbnone\u00a0\u00bb row_border_radius_applies=\u00a0\u00bbbg\u00a0\u00bb overflow=\u00a0\u00bbvisible\u00a0\u00bb overlay_strength=\u00a0\u00bb0.3&Prime; gradient_direction=\u00a0\u00bbleft_to_right\u00a0\u00bb shape_divider_position=\u00a0\u00bbbottom\u00a0\u00bb bg_image_animation=\u00a0\u00bbnone\u00a0\u00bb][vc_column column_padding=\u00a0\u00bbno-extra-padding\u00a0\u00bb column_padding_tablet=\u00a0\u00bbinherit\u00a0\u00bb column_padding_phone=\u00a0\u00bbinherit\u00a0\u00bb column_padding_position=\u00a0\u00bball\u00a0\u00bb column_element_direction_desktop=\u00a0\u00bbdefault\u00a0\u00bb column_element_spacing=\u00a0\u00bbdefault\u00a0\u00bb desktop_text_alignment=\u00a0\u00bbdefault\u00a0\u00bb tablet_text_alignment=\u00a0\u00bbdefault\u00a0\u00bb phone_text_alignment=\u00a0\u00bbdefault\u00a0\u00bb background_color_opacity=\u00a0\u00bb1&Prime; background_hover_color_opacity=\u00a0\u00bb1&Prime; column_backdrop_filter=\u00a0\u00bbnone\u00a0\u00bb column_shadow=\u00a0\u00bbnone\u00a0\u00bb column_border_radius=\u00a0\u00bbnone\u00a0\u00bb column_link_target=\u00a0\u00bb_self\u00a0\u00bb column_position=\u00a0\u00bbdefault\u00a0\u00bb gradient_direction=\u00a0\u00bbleft_to_right\u00a0\u00bb overlay_strength=\u00a0\u00bb0.3&Prime; width=\u00a0\u00bb1\/1&Prime; tablet_width_inherit=\u00a0\u00bbdefault\u00a0\u00bb animation_type=\u00a0\u00bbdefault\u00a0\u00bb bg_image_animation=\u00a0\u00bbnone\u00a0\u00bb border_type=\u00a0\u00bbsimple\u00a0\u00bb column_border_width=\u00a0\u00bbnone\u00a0\u00bb column_border_style=\u00a0\u00bbsolid\u00a0\u00bb][vc_column_text css=\u00a0\u00bb\u00a0\u00bb text_direction=\u00a0\u00bbdefault\u00a0\u00bb]\n<h2>Questions fr\u00e9quentes<\/h2>\n[\/vc_column_text][toggles style=\u00a0\u00bbminimal\u00a0\u00bb][toggle color=\u00a0\u00bbDefault\u00a0\u00bb heading_tag=\u00a0\u00bbdefault\u00a0\u00bb heading_tag_functionality=\u00a0\u00bbdefault\u00a0\u00bb title=\u00a0\u00bbEn quoi consiste un cours de flamenco \u00e0 l\u2019\u00e9cole Jes\u00fas Cort\u00e9s ?\u00a0\u00bb][vc_column_text css=\u00a0\u00bb\u00a0\u00bb text_direction=\u00a0\u00bbdefault\u00a0\u00bb]Chaque cours combine technique, rythme et expression. Tu apprendras des pas de base jusqu\u2019aux styles traditionnels comme la sole\u00e1, les tangos, les buler\u00edas, les rumbas ou les sevillanas, toujours accompagn\u00e9 par des professionnels du flamenco.[\/vc_column_text][\/toggle][toggle color=\u00a0\u00bbDefault\u00a0\u00bb heading_tag=\u00a0\u00bbdefault\u00a0\u00bb heading_tag_functionality=\u00a0\u00bbdefault\u00a0\u00bb title=\u00a0\u00bbLes cours de flamenco sont-ils adapt\u00e9s aux d\u00e9butants ?\u00a0\u00bb][vc_column_text css=\u00a0\u00bb\u00a0\u00bb text_direction=\u00a0\u00bbdefault\u00a0\u00bb]Oui. Nous proposons des cours pour d\u00e9butants, con\u00e7us pour ceux qui n\u2019ont jamais dans\u00e9. Aucun pr\u00e9requis n\u00e9cessaire : tu apprendras de z\u00e9ro, dans une ambiance conviviale et sans pression.[\/vc_column_text][\/toggle][toggle color=\u00a0\u00bbDefault\u00a0\u00bb heading_tag=\u00a0\u00bbdefault\u00a0\u00bb heading_tag_functionality=\u00a0\u00bbdefault\u00a0\u00bb title=\u00a0\u00bbO\u00f9 se situe votre acad\u00e9mie de flamenco ?\u00a0\u00bb][vc_column_text css=\u00a0\u00bb\u00a0\u00bb text_direction=\u00a0\u00bbdefault\u00a0\u00bb]Notre acad\u00e9mie est au c\u0153ur de Barcelone, dans El Patio Andaluz. Un espace enti\u00e8rement d\u00e9di\u00e9 \u00e0 l\u2019enseignement du flamenco, avec des salles adapt\u00e9es et une \u00e9quipe p\u00e9dagogique exp\u00e9riment\u00e9e.[\/vc_column_text][\/toggle][toggle color=\u00a0\u00bbDefault\u00a0\u00bb heading_tag=\u00a0\u00bbdefault\u00a0\u00bb heading_tag_functionality=\u00a0\u00bbdefault\u00a0\u00bb title=\u00a0\u00bbQuels sont les horaires des cours de flamenco ?\u00a0\u00bb][vc_column_text css=\u00a0\u00bb\u00a0\u00bb text_direction=\u00a0\u00bbdefault\u00a0\u00bb]\n<p data-start=\"252\" data-end=\"455\">Les cours de danse flamenco ont lieu du lundi au dimanche, de 10h \u00e0 18h. Si vous avez besoin d\u2019un autre horaire, vous pouvez nous contacter et nous \u00e9tudierons des options personnalis\u00e9es.<\/p>\n[\/vc_column_text][\/toggle][toggle color=\u00a0\u00bbDefault\u00a0\u00bb heading_tag=\u00a0\u00bbdefault\u00a0\u00bb heading_tag_functionality=\u00a0\u00bbdefault\u00a0\u00bb title=\u00a0\u00bbQuel est le prix des cours de flamenco ?\u00a0\u00bb][vc_column_text css=\u00a0\u00bb\u00a0\u00bb text_direction=\u00a0\u00bbdefault\u00a0\u00bb]Le tarif varie selon le nombre de participants. Nous proposons des prix \u00e0 partir de 15 \u20ac par personne pour les grands groupes, jusqu\u2019\u00e0 50 \u20ac pour les cours individuels. Tous les tarifs incluent professeur, musique et salle \u00e9quip\u00e9e.[\/vc_column_text][\/toggle][toggle color=\u00a0\u00bbDefault\u00a0\u00bb heading_tag=\u00a0\u00bbdefault\u00a0\u00bb heading_tag_functionality=\u00a0\u00bbdefault\u00a0\u00bb title=\u00a0\u00bbPuis-je venir avec un groupe d\u2019amis ou en famille ?\u00a0\u00bb][vc_column_text css=\u00a0\u00bb\u00a0\u00bb text_direction=\u00a0\u00bbdefault\u00a0\u00bb]Bien s\u00fbr. Nous avons des cours pour groupes d\u2019amis, enterrements de vie de jeune fille\/gar\u00e7on, \u00e9v\u00e9nements ou activit\u00e9s scolaires. Danser en groupe est plus fun, et nous adaptons le niveau pour que tout le monde profite.[\/vc_column_text][\/toggle][toggle color=\u00a0\u00bbDefault\u00a0\u00bb heading_tag=\u00a0\u00bbdefault\u00a0\u00bb heading_tag_functionality=\u00a0\u00bbdefault\u00a0\u00bb title=\u00a0\u00bbQui donne les cours ?\u00a0\u00bb][vc_column_text css=\u00a0\u00bb\u00a0\u00bb text_direction=\u00a0\u00bbdefault\u00a0\u00bb]Les cours sont dirig\u00e9s par le Maestro Jes\u00fas Cort\u00e9s et son \u00e9quipe. Notre personnel enseignant cumule des ann\u00e9es d\u2019exp\u00e9rience dans des \u00e9coles de flamenco r\u00e9put\u00e9es, alliant formation artistique et passion pour la p\u00e9dagogie.[\/vc_column_text][\/toggle][toggle color=\u00a0\u00bbDefault\u00a0\u00bb heading_tag=\u00a0\u00bbdefault\u00a0\u00bb heading_tag_functionality=\u00a0\u00bbdefault\u00a0\u00bb title=\u00a0\u00bbQuelle est la dur\u00e9e de chaque cours ?\u00a0\u00bb][vc_column_text css=\u00a0\u00bb\u00a0\u00bb text_direction=\u00a0\u00bbdefault\u00a0\u00bb]La dur\u00e9e standard est d\u2019une heure, mais nous pouvons ajuster selon le groupe ou le niveau. Toutes les sessions sont pens\u00e9es pour que tu apprennes et profites au maximum.[\/vc_column_text][\/toggle][toggle color=\u00a0\u00bbDefault\u00a0\u00bb heading_tag=\u00a0\u00bbdefault\u00a0\u00bb heading_tag_functionality=\u00a0\u00bbdefault\u00a0\u00bb title=\u00a0\u00bbProposez-vous des cours en anglais ou d\u2019autres langues ?\u00a0\u00bb][vc_column_text css=\u00a0\u00bb\u00a0\u00bb text_direction=\u00a0\u00bbdefault\u00a0\u00bb]Oui, nos cours \u00e0 Barcelone peuvent se faire en espagnol ou en anglais. Pour toute autre langue, contacte-nous lors de ta r\u00e9servation.[\/vc_column_text][\/toggle][\/toggles][\/vc_column][\/vc_row]\n","protected":false},"excerpt":{"rendered":"<p class=\"whitespace-pre-wrap break-words\">Inscris-toi \u00e0 un cours de flamenco avec des ma\u00eetres experts. Apprends \u00e0 ton rythme, am\u00e9liore ta technique et prends du plaisir. Seul ou en groupe, plus on est nombreux, meilleur est le prix !<\/p>\n<p class=\"whitespace-pre-wrap break-words\"><strong>Tarifs par personne :<\/strong><\/p>\n<ul class=\"[&amp;:not(:last-child)_ul]:pb-1 [&amp;:not(:last-child)_ol]:pb-1 list-disc space-y-1.5 pl-7\">\n<li class=\"whitespace-normal break-words\">Cours individuel : 50\u20ac<\/li>\n<li class=\"whitespace-normal break-words\">Groupe de 2 \u00e0 4 personnes : 40\u20ac (20 % de r\u00e9duction)<\/li>\n<li class=\"whitespace-normal break-words\">Groupe de 5 \u00e0 10 personnes : 30\u20ac (40 % de r\u00e9duction)<\/li>\n<li class=\"whitespace-normal break-words\">Groupe de 11 \u00e0 20 personnes : 20\u20ac (60 % de r\u00e9duction)<\/li>\n<li class=\"whitespace-normal break-words\">Groupe de 21 \u00e0 70 personnes : 15\u20ac (70 % de r\u00e9duction)<\/li>\n<\/ul>\n","protected":false},"featured_media":3877,"template":"","meta":[],"product_brand":[],"product_cat":[67],"product_tag":[],"giftcard-category":[],"class_list":{"0":"post-3895","1":"product","2":"type-product","3":"status-publish","4":"has-post-thumbnail","6":"product_cat-cours-fr","8":"first","9":"instock","10":"virtual","11":"sold-individually","12":"purchasable","13":"product-type-booking"},"jetpack_sharing_enabled":true,"_links":{"self":[{"href":"https:\/\/showflamencobarcelona.com\/fr\/wp-json\/wp\/v2\/product\/3895","targetHints":{"allow":["GET"]}}],"collection":[{"href":"https:\/\/showflamencobarcelona.com\/fr\/wp-json\/wp\/v2\/product"}],"about":[{"href":"https:\/\/showflamencobarcelona.com\/fr\/wp-json\/wp\/v2\/types\/product"}],"wp:featuredmedia":[{"embeddable":true,"href":"https:\/\/showflamencobarcelona.com\/fr\/wp-json\/wp\/v2\/media\/3877"}],"wp:attachment":[{"href":"https:\/\/showflamencobarcelona.com\/fr\/wp-json\/wp\/v2\/media?parent=3895"}],"wp:term":[{"taxonomy":"product_brand","embeddable":true,"href":"https:\/\/showflamencobarcelona.com\/fr\/wp-json\/wp\/v2\/product_brand?post=3895"},{"taxonomy":"product_cat","embeddable":true,"href":"https:\/\/showflamencobarcelona.com\/fr\/wp-json\/wp\/v2\/product_cat?post=3895"},{"taxonomy":"product_tag","embeddable":true,"href":"https:\/\/showflamencobarcelona.com\/fr\/wp-json\/wp\/v2\/product_tag?post=3895"},{"taxonomy":"giftcard-category","embeddable":true,"href":"https:\/\/showflamencobarcelona.com\/fr\/wp-json\/wp\/v2\/giftcard-category?post=3895"}],"curies":[{"name":"wp","href":"https:\/\/api.w.org\/{rel}","templated":true}]}}