{"id":5127,"date":"2026-03-05T07:42:57","date_gmt":"2026-03-05T07:42:57","guid":{"rendered":"https:\/\/showflamencobarcelona.com\/?post_type=product&#038;p=5127"},"modified":"2026-03-05T11:39:32","modified_gmt":"2026-03-05T11:39:32","slug":"carte-cadeau-spectacle-flamenco-tapas","status":"publish","type":"product","link":"https:\/\/showflamencobarcelona.com\/fr\/booking\/carte-cadeau-spectacle-flamenco-tapas\/","title":{"rendered":"Carte Cadeau Spectacle Flamenco &#038; Tapas (2 pers.)"},"content":{"rendered":"<p data-path-to-node=\"13\"><b data-path-to-node=\"13\" data-index-in-node=\"0\">Ce qui est inclus :<\/b><\/p>\n<ul data-path-to-node=\"14\">\n<li>\n<p data-path-to-node=\"14,0,0\">Entr\u00e9e pour 2 personnes au spectacle de flamenco en direct.<\/p>\n<\/li>\n<li>\n<p data-path-to-node=\"14,1,0\"><b data-path-to-node=\"14,1,0\" data-index-in-node=\"0\">Menu de tapas traditionnelles :<\/b> Anchois frits, seiches \u00e0 l&rsquo;andalouse (<i data-path-to-node=\"14,1,0\" data-index-in-node=\"70\">chocos<\/i>), salade mac\u00e9doine espagnole (<i data-path-to-node=\"14,1,0\" data-index-in-node=\"107\">ensaladilla rusa<\/i>) et tortilla de pommes de terre.<\/p>\n<\/li>\n<li>\n<p data-path-to-node=\"14,2,0\">Boisson incluse : sangria, boisson non alcoolis\u00e9e ou eau.<\/p>\n<\/li>\n<li>\n<p data-path-to-node=\"14,3,0\">Envoi instantan\u00e9 par e-mail avec un code unique.<\/p>\n<\/li>\n<li>\n<p data-path-to-node=\"14,4,0\">Le code s&rsquo;ins\u00e8re lors de la s\u00e9lection de la date et s&rsquo;applique au moment du paiement.<\/p>\n<\/li>\n<\/ul>\n<p data-path-to-node=\"15\"><b data-path-to-node=\"15\" data-index-in-node=\"0\">Pourquoi offrir le flamenco et des tapas ?<br \/>\n<\/b>Le flamenco et la cuisine espagnole : deux exp\u00e9riences qui, ensemble, cr\u00e9ent une soir\u00e9e parfaite. C&rsquo;est le cadeau id\u00e9al pour ceux qui souhaitent d\u00e9couvrir la culture espagnole de la mani\u00e8re la plus authentique.<\/p>\n<p data-path-to-node=\"16\"><b data-path-to-node=\"16\" data-index-in-node=\"0\">Une soir\u00e9e compl\u00e8te d\u00e8s le premier instant<br \/>\n<\/b>Avec cette carte cadeau, les b\u00e9n\u00e9ficiaires profiteront d&rsquo;un spectacle de flamenco en direct accompagn\u00e9 des meilleures tapas de la cuisine espagnole. Une combinaison qui s\u00e9duit les yeux, les oreilles et le palais.<\/p>\n<p data-path-to-node=\"17\"><b data-path-to-node=\"17\" data-index-in-node=\"0\">Flexible et facile \u00e0 utiliser<br \/>\n<\/b>La carte a une valeur de 100 \u20ac et peut \u00eatre utilis\u00e9e pour le pack Spectacle + Menu Tapas pour 2 personnes ou comme r\u00e9duction sur tout autre menu disponible. Le code arrive instantan\u00e9ment par mail et s&rsquo;utilise en quelques \u00e9tapes.<\/p>\n<p data-path-to-node=\"18\"><b data-path-to-node=\"18\" data-index-in-node=\"0\">Le cadeau id\u00e9al pour toutes les occasions<br \/>\n<\/b>Anniversaires, c\u00e9l\u00e9brations ou simplement pour le plaisir. Une exp\u00e9rience flamenco avec tapas espagnoles est un geste unique, m\u00e9morable et savoureux qui surprend \u00e0 coup s\u00fbr.<\/p>\n","protected":false},"excerpt":{"rendered":"<p>Offrez une soir\u00e9e de flamenco en direct avec les saveurs de la cuisine espagnole. Valable pour deux personnes, incluant le spectacle et un menu tapas.<\/p>\n","protected":false},"featured_media":3911,"template":"","meta":[],"product_brand":[],"product_cat":[81],"product_tag":[],"giftcard-category":[83],"class_list":{"0":"post-5127","1":"product","2":"type-product","3":"status-publish","4":"has-post-thumbnail","6":"product_cat-carte-cadeau","7":"giftcard-category-regala","9":"first","10":"instock","11":"virtual","12":"purchasable","13":"product-type-gift-card"},"jetpack_sharing_enabled":true,"_links":{"self":[{"href":"https:\/\/showflamencobarcelona.com\/fr\/wp-json\/wp\/v2\/product\/5127","targetHints":{"allow":["GET"]}}],"collection":[{"href":"https:\/\/showflamencobarcelona.com\/fr\/wp-json\/wp\/v2\/product"}],"about":[{"href":"https:\/\/showflamencobarcelona.com\/fr\/wp-json\/wp\/v2\/types\/product"}],"wp:featuredmedia":[{"embeddable":true,"href":"https:\/\/showflamencobarcelona.com\/fr\/wp-json\/wp\/v2\/media\/3911"}],"wp:attachment":[{"href":"https:\/\/showflamencobarcelona.com\/fr\/wp-json\/wp\/v2\/media?parent=5127"}],"wp:term":[{"taxonomy":"product_brand","embeddable":true,"href":"https:\/\/showflamencobarcelona.com\/fr\/wp-json\/wp\/v2\/product_brand?post=5127"},{"taxonomy":"product_cat","embeddable":true,"href":"https:\/\/showflamencobarcelona.com\/fr\/wp-json\/wp\/v2\/product_cat?post=5127"},{"taxonomy":"product_tag","embeddable":true,"href":"https:\/\/showflamencobarcelona.com\/fr\/wp-json\/wp\/v2\/product_tag?post=5127"},{"taxonomy":"giftcard-category","embeddable":true,"href":"https:\/\/showflamencobarcelona.com\/fr\/wp-json\/wp\/v2\/giftcard-category?post=5127"}],"curies":[{"name":"wp","href":"https:\/\/api.w.org\/{rel}","templated":true}]}}