{"id":3720,"date":"2026-03-01T08:55:00","date_gmt":"2026-03-01T08:55:00","guid":{"rendered":"https:\/\/showflamencobarcelona.com\/booking\/clase-flamenco\/"},"modified":"2026-04-15T10:14:54","modified_gmt":"2026-04-15T10:14:54","slug":"lezione-di-flamenco","status":"publish","type":"product","link":"https:\/\/showflamencobarcelona.com\/it\/booking\/lezione-di-flamenco\/","title":{"rendered":"Prenota lezioni di flamenco"},"content":{"rendered":"[vc_row type=&#8221;full_width_background&#8221; full_screen_row_position=&#8221;middle&#8221; column_margin=&#8221;default&#8221; column_direction=&#8221;default&#8221; column_direction_tablet=&#8221;default&#8221; column_direction_phone=&#8221;default&#8221; bg_color=&#8221;#f7f7f7&#8243; scene_position=&#8221;center&#8221; top_padding=&#8221;100&#8243; bottom_padding=&#8221;100&#8243; text_color=&#8221;dark&#8221; text_align=&#8221;left&#8221; row_border_radius=&#8221;none&#8221; row_border_radius_applies=&#8221;bg&#8221; overflow=&#8221;visible&#8221; overlay_strength=&#8221;0.3&#8243; gradient_direction=&#8221;left_to_right&#8221; shape_divider_position=&#8221;bottom&#8221; bg_image_animation=&#8221;none&#8221;][vc_column column_padding=&#8221;no-extra-padding&#8221; column_padding_tablet=&#8221;inherit&#8221; column_padding_phone=&#8221;inherit&#8221; column_padding_position=&#8221;all&#8221; column_element_direction_desktop=&#8221;default&#8221; column_element_spacing=&#8221;default&#8221; desktop_text_alignment=&#8221;default&#8221; tablet_text_alignment=&#8221;default&#8221; phone_text_alignment=&#8221;default&#8221; background_color_opacity=&#8221;1&#8243; background_hover_color_opacity=&#8221;1&#8243; column_backdrop_filter=&#8221;none&#8221; column_shadow=&#8221;none&#8221; column_border_radius=&#8221;none&#8221; column_link_target=&#8221;_self&#8221; column_position=&#8221;default&#8221; gradient_direction=&#8221;left_to_right&#8221; overlay_strength=&#8221;0.3&#8243; width=&#8221;1\/1&#8243; tablet_width_inherit=&#8221;default&#8221; animation_type=&#8221;default&#8221; bg_image_animation=&#8221;none&#8221; border_type=&#8221;simple&#8221; column_border_width=&#8221;none&#8221; column_border_style=&#8221;solid&#8221;][vc_column_text css=&#8221;&#8221; text_direction=&#8221;default&#8221;]\n<h2>Domande frequenti<\/h2>\n[\/vc_column_text][toggles style=&#8221;minimal&#8221;][toggle color=&#8221;Default&#8221; heading_tag=&#8221;default&#8221; heading_tag_functionality=&#8221;default&#8221; title=&#8221;In cosa consiste una lezione di flamenco alla scuola Jes\u00fas Cort\u00e9s?&#8221;][vc_column_text css=&#8221;&#8221; text_direction=&#8221;default&#8221;]Ogni lezione di flamenco combina tecnica, ritmo ed espressione. Imparerai dai passi base ai palos tradizionali come sole\u00e1, tangos, buler\u00edas, rumbas o sevillanas. Il tutto accompagnato da professionisti del ballo flamenco.[\/vc_column_text][\/toggle][toggle color=&#8221;Default&#8221; heading_tag=&#8221;default&#8221; heading_tag_functionality=&#8221;default&#8221; title=&#8221;Le lezioni di flamenco sono adatte ai principianti?&#8221;][vc_column_text css=&#8221;&#8221; text_direction=&#8221;default&#8221;]S\u00ec. Offriamo lezioni di flamenco per principianti, pensate per chi non ha mai ballato. Non serve alcuna esperienza precedente: imparerai da zero, in un ambiente accogliente e senza pressioni.[\/vc_column_text][\/toggle][toggle color=&#8221;Default&#8221; heading_tag=&#8221;default&#8221; heading_tag_functionality=&#8221;default&#8221; title=&#8221;Dove si tengono le vostre lezioni di flamenco?&#8221;][vc_column_text css=&#8221;&#8221; text_direction=&#8221;default&#8221;]La nostra scuola di flamenco si trova nel cuore di Barcellona, all\u2019interno di El Patio Andaluz. \u00c8 uno spazio interamente dedicato all\u2019insegnamento della danza flamenca, con sale attrezzate e un team di insegnanti di alto livello.[\/vc_column_text][\/toggle][toggle color=&#8221;Default&#8221; heading_tag=&#8221;default&#8221; heading_tag_functionality=&#8221;default&#8221; title=&#8221;Quali sono gli orari delle lezioni di flamenco?&#8221;][vc_column_text css=&#8221;&#8221; text_direction=&#8221;default&#8221;]\n<p data-start=\"457\" data-end=\"655\">Le lezioni di danza flamenco si tengono dal luned\u00ec alla domenica, dalle 10:00 alle 18:00. Se hai bisogno di un orario diverso, puoi contattarci e valuteremo opzioni personalizzate.<\/p>\n[\/vc_column_text][\/toggle][toggle color=&#8221;Default&#8221; heading_tag=&#8221;default&#8221; heading_tag_functionality=&#8221;default&#8221; title=&#8221;Qual \u00e8 il prezzo delle lezioni di flamenco?&#8221;][vc_column_text css=&#8221;&#8221; text_direction=&#8221;default&#8221;]Il prezzo delle lezioni di flamenco varia in base al numero di persone. Offriamo tariffe a partire da 15\u20ac a persona per gruppi numerosi, fino a 50\u20ac per lezioni individuali. Tutte le tariffe includono insegnante, musica e sala attrezzata.[\/vc_column_text][\/toggle][toggle color=&#8221;Default&#8221; heading_tag=&#8221;default&#8221; heading_tag_functionality=&#8221;default&#8221; title=&#8221;Posso venire con un gruppo di amici o familiari?&#8221;][vc_column_text css=&#8221;&#8221; text_direction=&#8221;default&#8221;]Certamente. Abbiamo lezioni di flamenco di gruppo per amici, addii al celibato\/nubilato, eventi o attivit\u00e0 scolastiche. Ballare in gruppo \u00e8 pi\u00f9 divertente e adattiamo il livello per far divertire tutti.[\/vc_column_text][\/toggle][toggle color=&#8221;Default&#8221; heading_tag=&#8221;default&#8221; heading_tag_functionality=&#8221;default&#8221; title=&#8221;Chi insegna le lezioni?&#8221;][vc_column_text css=&#8221;&#8221; text_direction=&#8221;default&#8221;]Le lezioni sono tenute dal Maestro Jes\u00fas Cort\u00e9s e dal suo team. Il nostro corpo docente vanta anni di esperienza in rinomate scuole di flamenco, unendo formazione artistica a una grande vocazione pedagogica.[\/vc_column_text][\/toggle][toggle color=&#8221;Default&#8221; heading_tag=&#8221;default&#8221; heading_tag_functionality=&#8221;default&#8221; title=&#8221;Quanto dura ogni lezione?&#8221;][vc_column_text css=&#8221;&#8221; text_direction=&#8221;default&#8221;]La durata standard \u00e8 di 1 ora, ma possiamo adattare il tempo in base al tipo di gruppo o all\u2019esperienza scelta. Tutte le sessioni sono pensate per farti imparare e goderti al massimo il flamenco.[\/vc_column_text][\/toggle][toggle color=&#8221;Default&#8221; heading_tag=&#8221;default&#8221; heading_tag_functionality=&#8221;default&#8221; title=&#8221;Offrite lezioni in inglese o altre lingue?&#8221;][vc_column_text css=&#8221;&#8221; text_direction=&#8221;default&#8221;]\n<p data-start=\"62\" data-end=\"226\">S\u00ec, le nostre lezioni di flamenco a Barcellona possono essere tenute in spagnolo o inglese. Se preferisci un\u2019altra lingua, contattaci al momento della prenotazione.<\/p>\n[\/vc_column_text][\/toggle][\/toggles][\/vc_column][\/vc_row]\n","protected":false},"excerpt":{"rendered":"<p class=\"whitespace-pre-wrap break-words\">Iscriviti a una lezione di flamenco con maestri esperti. Impara al tuo ritmo, migliora la tecnica e divertiti. Da solo o in gruppo, pi\u00f9 siete, migliore \u00e8 il prezzo!<\/p>\n<p class=\"whitespace-pre-wrap break-words\"><strong>Prezzi a persona:<\/strong><\/p>\n<ul class=\"[&amp;:not(:last-child)_ul]:pb-1 [&amp;:not(:last-child)_ol]:pb-1 list-disc space-y-1.5 pl-7\">\n<li class=\"whitespace-normal break-words\">Lezione individuale: 50\u20ac<\/li>\n<li class=\"whitespace-normal break-words\">Gruppo da 2 a 4 persone: 40\u20ac (20% di sconto)<\/li>\n<li class=\"whitespace-normal break-words\">Gruppo da 5 a 10 persone: 30\u20ac (40% di sconto)<\/li>\n<li class=\"whitespace-normal break-words\">Gruppo da 11 a 20 persone: 20\u20ac (60% di sconto)<\/li>\n<li class=\"whitespace-normal break-words\">Gruppo da 21 a 70 persone: 15\u20ac (70% di sconto)<\/li>\n<\/ul>\n","protected":false},"featured_media":3531,"template":"","meta":[],"product_brand":[],"product_cat":[60],"product_tag":[],"giftcard-category":[],"class_list":{"0":"post-3720","1":"product","2":"type-product","3":"status-publish","4":"has-post-thumbnail","6":"product_cat-lezioni-it","8":"first","9":"instock","10":"virtual","11":"sold-individually","12":"purchasable","13":"product-type-booking"},"jetpack_sharing_enabled":true,"_links":{"self":[{"href":"https:\/\/showflamencobarcelona.com\/it\/wp-json\/wp\/v2\/product\/3720","targetHints":{"allow":["GET"]}}],"collection":[{"href":"https:\/\/showflamencobarcelona.com\/it\/wp-json\/wp\/v2\/product"}],"about":[{"href":"https:\/\/showflamencobarcelona.com\/it\/wp-json\/wp\/v2\/types\/product"}],"wp:featuredmedia":[{"embeddable":true,"href":"https:\/\/showflamencobarcelona.com\/it\/wp-json\/wp\/v2\/media\/3531"}],"wp:attachment":[{"href":"https:\/\/showflamencobarcelona.com\/it\/wp-json\/wp\/v2\/media?parent=3720"}],"wp:term":[{"taxonomy":"product_brand","embeddable":true,"href":"https:\/\/showflamencobarcelona.com\/it\/wp-json\/wp\/v2\/product_brand?post=3720"},{"taxonomy":"product_cat","embeddable":true,"href":"https:\/\/showflamencobarcelona.com\/it\/wp-json\/wp\/v2\/product_cat?post=3720"},{"taxonomy":"product_tag","embeddable":true,"href":"https:\/\/showflamencobarcelona.com\/it\/wp-json\/wp\/v2\/product_tag?post=3720"},{"taxonomy":"giftcard-category","embeddable":true,"href":"https:\/\/showflamencobarcelona.com\/it\/wp-json\/wp\/v2\/giftcard-category?post=3720"}],"curies":[{"name":"wp","href":"https:\/\/api.w.org\/{rel}","templated":true}]}}