{"id":5128,"date":"2026-03-05T07:42:57","date_gmt":"2026-03-05T07:42:57","guid":{"rendered":"https:\/\/showflamencobarcelona.com\/?post_type=product&#038;p=5128"},"modified":"2026-03-05T11:41:04","modified_gmt":"2026-03-05T11:41:04","slug":"carta-regalo-spettacolo-di-flamenco-tapas","status":"publish","type":"product","link":"https:\/\/showflamencobarcelona.com\/it\/booking\/carta-regalo-spettacolo-di-flamenco-tapas\/","title":{"rendered":"Carta Regalo Spettacolo di Flamenco &#038; Tapas (2 pers.)"},"content":{"rendered":"<p data-path-to-node=\"22\"><b data-path-to-node=\"22\" data-index-in-node=\"0\">Cosa include?<\/b><\/p>\n<ul data-path-to-node=\"23\">\n<li>\n<p data-path-to-node=\"23,0,0\">Ingresso per 2 persone allo spettacolo di flamenco dal vivo.<\/p>\n<\/li>\n<li>\n<p data-path-to-node=\"23,1,0\"><b data-path-to-node=\"23,1,0\" data-index-in-node=\"0\">Men\u00f9 di tapas tradizionali:<\/b> Alici fritte (<i data-path-to-node=\"23,1,0\" data-index-in-node=\"42\">boquerones<\/i>), seppie alla andalusa (<i data-path-to-node=\"23,1,0\" data-index-in-node=\"77\">chocos<\/i>), insalata russa e tortilla di patate.<\/p>\n<\/li>\n<li>\n<p data-path-to-node=\"23,2,0\">Drink incluso: sangria, bibita analcolica o acqua.<\/p>\n<\/li>\n<li>\n<p data-path-to-node=\"23,3,0\">Consegna istantanea via e-mail con un codice univoco.<\/p>\n<\/li>\n<li>\n<p data-path-to-node=\"23,4,0\">Il codice va inserito al momento della scelta della data e applicato alla fine della prenotazione.<\/p>\n<\/li>\n<\/ul>\n<p data-path-to-node=\"24\"><b data-path-to-node=\"24\" data-index-in-node=\"0\">Perch\u00e9 regalare flamenco e tapas?<br \/>\n<\/b>Flamenco e cucina spagnola: due esperienze che insieme creano una serata perfetta. \u00c8 il regalo ideale per chi vuole vivere la cultura spagnola nel modo pi\u00f9 autentico.<\/p>\n<p data-path-to-node=\"25\"><b data-path-to-node=\"25\" data-index-in-node=\"0\">Una serata completa fin dal primo momento<br \/>\n<\/b>Con questa carta regalo, i fortunati si godranno uno spettacolo di flamenco dal vivo accompagnato dalle migliori tapas della cucina spagnola. Una combinazione che conquista gli occhi, l&#8217;udito e il palato.<\/p>\n<p data-path-to-node=\"26\"><b data-path-to-node=\"26\" data-index-in-node=\"0\">Flessibile e facile da usare<br \/>\n<\/b>La carta ha un valore di 100 \u20ac e pu\u00f2 essere utilizzata per il pacchetto Spettacolo + Men\u00f9 Tapas per 2 persone o come sconto su qualsiasi altro men\u00f9 disponibile. Il codice arriva istantaneamente via email e si riscatta in pochi passaggi.<\/p>\n<p data-path-to-node=\"27\"><b data-path-to-node=\"27\" data-index-in-node=\"0\">Il regalo perfetto per ogni occasione<br \/>\n<\/b>Compleanni, anniversari, feste o semplicemente per una sorpresa. Un&#8217;esperienza di flamenco con tapas spagnole \u00e8 un pensiero unico, memorabile e pieno di sapore che stupisce sempre.<\/p>\n","protected":false},"excerpt":{"rendered":"<p>Regala una serata di flamenco dal vivo con tutto il sapore della cucina spagnola. Valida per due persone, include lo spettacolo e un men\u00f9 tapas.<\/p>\n","protected":false},"featured_media":3367,"template":"","meta":[],"product_brand":[],"product_cat":[82],"product_tag":[],"giftcard-category":[83],"class_list":{"0":"post-5128","1":"product","2":"type-product","3":"status-publish","4":"has-post-thumbnail","6":"product_cat-carta-regalo","7":"giftcard-category-regala","9":"first","10":"instock","11":"virtual","12":"purchasable","13":"product-type-gift-card"},"jetpack_sharing_enabled":true,"_links":{"self":[{"href":"https:\/\/showflamencobarcelona.com\/it\/wp-json\/wp\/v2\/product\/5128","targetHints":{"allow":["GET"]}}],"collection":[{"href":"https:\/\/showflamencobarcelona.com\/it\/wp-json\/wp\/v2\/product"}],"about":[{"href":"https:\/\/showflamencobarcelona.com\/it\/wp-json\/wp\/v2\/types\/product"}],"wp:featuredmedia":[{"embeddable":true,"href":"https:\/\/showflamencobarcelona.com\/it\/wp-json\/wp\/v2\/media\/3367"}],"wp:attachment":[{"href":"https:\/\/showflamencobarcelona.com\/it\/wp-json\/wp\/v2\/media?parent=5128"}],"wp:term":[{"taxonomy":"product_brand","embeddable":true,"href":"https:\/\/showflamencobarcelona.com\/it\/wp-json\/wp\/v2\/product_brand?post=5128"},{"taxonomy":"product_cat","embeddable":true,"href":"https:\/\/showflamencobarcelona.com\/it\/wp-json\/wp\/v2\/product_cat?post=5128"},{"taxonomy":"product_tag","embeddable":true,"href":"https:\/\/showflamencobarcelona.com\/it\/wp-json\/wp\/v2\/product_tag?post=5128"},{"taxonomy":"giftcard-category","embeddable":true,"href":"https:\/\/showflamencobarcelona.com\/it\/wp-json\/wp\/v2\/giftcard-category?post=5128"}],"curies":[{"name":"wp","href":"https:\/\/api.w.org\/{rel}","templated":true}]}}