{"id":5134,"date":"2026-03-05T07:52:03","date_gmt":"2026-03-05T07:52:03","guid":{"rendered":"https:\/\/showflamencobarcelona.com\/?post_type=product&#038;p=5134"},"modified":"2026-03-05T12:06:06","modified_gmt":"2026-03-05T12:06:06","slug":"carta-regalo-spettacolo-di-flamenco","status":"publish","type":"product","link":"https:\/\/showflamencobarcelona.com\/it\/booking\/carta-regalo-spettacolo-di-flamenco\/","title":{"rendered":"Carta Regalo Spettacolo di Flamenco (2 pers.)"},"content":{"rendered":"<p data-path-to-node=\"22\"><b data-path-to-node=\"22\" data-index-in-node=\"0\">Cosa include?<\/b><\/p>\n<ul data-path-to-node=\"23\">\n<li>\n<p data-path-to-node=\"23,0,0\">Ingresso per 2 persone in zona <i data-path-to-node=\"23,0,0\" data-index-in-node=\"31\">Platea<\/i>, vicino al palco.<\/p>\n<\/li>\n<li>\n<p data-path-to-node=\"23,1,0\">Valore di 50 \u20ac applicabile anche come sconto parziale su qualsiasi spettacolo.<\/p>\n<\/li>\n<li>\n<p data-path-to-node=\"23,2,0\">Consegna istantanea via e-mail con un codice univoco.<\/p>\n<\/li>\n<li>\n<p data-path-to-node=\"23,3,0\">Il codice va inserito al momento della scelta della data e applicato alla fine della prenotazione.<\/p>\n<\/li>\n<\/ul>\n<p data-path-to-node=\"24\"><b data-path-to-node=\"24\" data-index-in-node=\"0\">Perch\u00e9 regalare un&#8217;esperienza di flamenco?<br \/>\n<\/b>Il flamenco \u00e8 molto pi\u00f9 di uno spettacolo: \u00e8 emozione, arte e cultura allo stato puro. Regalare una serata di flamenco dal vivo significa offrire un momento unico che non si dimentica.<\/p>\n<p data-path-to-node=\"25\"><b data-path-to-node=\"25\" data-index-in-node=\"0\">Un&#8217;esperienza in prima fila<br \/>\n<\/b>Con la Carta Regalo Show Platea, i fortunati si godranno lo spettacolo dai posti migliori, sentendo ogni battito di mani, ogni passo di danza (<i data-path-to-node=\"25\" data-index-in-node=\"171\">zapatazo<\/i>) e ogni canto (<i data-path-to-node=\"25\" data-index-in-node=\"195\">quej\u00edo<\/i>) come se fossero parte dello show.<\/p>\n<p data-path-to-node=\"26\"><b data-path-to-node=\"26\" data-index-in-node=\"0\">Flessibile e facile da usare<br \/>\n<\/b>La carta ha un valore di 50 \u20ac e pu\u00f2 essere utilizzata per prenotare lo Show Platea per 2 persone o come sconto su qualsiasi altro spettacolo disponibile. Il codice arriva istantaneamente via email e si riscatta in pochi passaggi.<\/p>\n<p data-path-to-node=\"27\"><b data-path-to-node=\"27\" data-index-in-node=\"0\">Il regalo perfetto per ogni occasione<br \/>\n<\/b>Compleanni, anniversari, San Valentino o semplicemente per una sorpresa. Una carta regalo di flamenco \u00e8 un pensiero originale, culturale e pieno di <i data-path-to-node=\"27\" data-index-in-node=\"186\">duende<\/i> che stupisce sempre.<\/p>\n","protected":false},"excerpt":{"rendered":"<p data-start=\"212\" data-end=\"508\">Regala una serata di flamenco dal vivo nei posti migliori. Valida per due persone in platea.<\/p>\n","protected":false},"featured_media":3368,"template":"","meta":[],"product_brand":[],"product_cat":[82],"product_tag":[],"giftcard-category":[83],"class_list":{"0":"post-5134","1":"product","2":"type-product","3":"status-publish","4":"has-post-thumbnail","6":"product_cat-carta-regalo","7":"giftcard-category-regala","9":"first","10":"instock","11":"virtual","12":"purchasable","13":"product-type-gift-card"},"jetpack_sharing_enabled":true,"_links":{"self":[{"href":"https:\/\/showflamencobarcelona.com\/it\/wp-json\/wp\/v2\/product\/5134","targetHints":{"allow":["GET"]}}],"collection":[{"href":"https:\/\/showflamencobarcelona.com\/it\/wp-json\/wp\/v2\/product"}],"about":[{"href":"https:\/\/showflamencobarcelona.com\/it\/wp-json\/wp\/v2\/types\/product"}],"wp:featuredmedia":[{"embeddable":true,"href":"https:\/\/showflamencobarcelona.com\/it\/wp-json\/wp\/v2\/media\/3368"}],"wp:attachment":[{"href":"https:\/\/showflamencobarcelona.com\/it\/wp-json\/wp\/v2\/media?parent=5134"}],"wp:term":[{"taxonomy":"product_brand","embeddable":true,"href":"https:\/\/showflamencobarcelona.com\/it\/wp-json\/wp\/v2\/product_brand?post=5134"},{"taxonomy":"product_cat","embeddable":true,"href":"https:\/\/showflamencobarcelona.com\/it\/wp-json\/wp\/v2\/product_cat?post=5134"},{"taxonomy":"product_tag","embeddable":true,"href":"https:\/\/showflamencobarcelona.com\/it\/wp-json\/wp\/v2\/product_tag?post=5134"},{"taxonomy":"giftcard-category","embeddable":true,"href":"https:\/\/showflamencobarcelona.com\/it\/wp-json\/wp\/v2\/giftcard-category?post=5134"}],"curies":[{"name":"wp","href":"https:\/\/api.w.org\/{rel}","templated":true}]}}